{"id":1344,"date":"2025-07-10T13:30:03","date_gmt":"2025-07-10T11:30:03","guid":{"rendered":"https:\/\/ocarelab.com\/our-products\/"},"modified":"2026-04-09T10:27:07","modified_gmt":"2026-04-09T08:27:07","slug":"our-products","status":"publish","type":"page","link":"https:\/\/ocarelab.com\/en\/our-products\/","title":{"rendered":"Our products"},"content":{"rendered":"\t\t<div data-elementor-type=\"wp-page\" data-elementor-id=\"1344\" class=\"elementor elementor-1344 elementor-165\" data-elementor-post-type=\"page\">\n\t\t\t\t<div class=\"elementor-element elementor-element-facf1e7 e-flex e-con-boxed e-con e-parent\" data-id=\"facf1e7\" data-element_type=\"container\" data-e-type=\"container\">\n\t\t\t\t\t<div class=\"e-con-inner\">\n\t\t\t\t<div class=\"elementor-element elementor-element-ac74adf bi-color elementor-widget elementor-widget-heading\" data-id=\"ac74adf\" data-element_type=\"widget\" data-e-type=\"widget\" data-widget_type=\"heading.default\">\n\t\t\t\t\t<h2 class=\"elementor-heading-title elementor-size-default\">Relieve the <b><br>pressure<\/b> with <b>our products<\/b><\/h2>\t\t\t\t<\/div>\n\t\t\t\t\t<\/div>\n\t\t\t\t<\/div>\n\t\t<div class=\"elementor-element elementor-element-9a9b0b6 e-flex e-con-boxed e-con e-parent\" data-id=\"9a9b0b6\" data-element_type=\"container\" data-e-type=\"container\">\n\t\t\t\t\t<div class=\"e-con-inner\">\n\t\t\t\t<div class=\"elementor-element elementor-element-4c371e1 elementor-widget elementor-widget-ucaddon__elementor\" data-id=\"4c371e1\" data-element_type=\"widget\" data-e-type=\"widget\" data-widget_type=\"ucaddon__elementor.default\">\n\t\t\t\t<div class=\"elementor-widget-container\">\n\t\t\t\t\t\r\n<div class=\"product-category-filters\">\r\n    \t\t <button\r\n\t\t\t\t type=\"button\"\r\n\t\t\t\t class=\"filter-button\"\r\n\t\t\t\t data-cat=\"55\">\r\n\t\t\t <img decoding=\"async\"\r\n\t\t\t\t\t src=\"https:\/\/ocarelab.com\/wp-content\/uploads\/2025\/07\/Hydratation.png\"\r\n\t\t\t\t\t alt=\"Immunity\"\r\n\t\t\t\t\t width=\"50\" height=\"50\"\r\n\t\t\t \/>\r\n\t\t\t <span>Immunity<\/span>\r\n\t\t <\/button>\r\n    \t\t <button\r\n\t\t\t\t type=\"button\"\r\n\t\t\t\t class=\"filter-button\"\r\n\t\t\t\t data-cat=\"71\">\r\n\t\t\t <img decoding=\"async\"\r\n\t\t\t\t\t src=\"https:\/\/ocarelab.com\/wp-content\/uploads\/2025\/07\/Energie-Vitalite.png\"\r\n\t\t\t\t\t alt=\"Sleep\"\r\n\t\t\t\t\t width=\"50\" height=\"50\"\r\n\t\t\t \/>\r\n\t\t\t <span>Sleep<\/span>\r\n\t\t <\/button>\r\n    \t\t <button\r\n\t\t\t\t type=\"button\"\r\n\t\t\t\t class=\"filter-button\"\r\n\t\t\t\t data-cat=\"72\">\r\n\t\t\t <img decoding=\"async\"\r\n\t\t\t\t\t src=\"https:\/\/ocarelab.com\/wp-content\/uploads\/2025\/07\/Stress-Anxiete.png\"\r\n\t\t\t\t\t alt=\"Stress\"\r\n\t\t\t\t\t width=\"50\" height=\"50\"\r\n\t\t\t \/>\r\n\t\t\t <span>Stress<\/span>\r\n\t\t <\/button>\r\n    <\/div>\r\n\r\n<div id=\"products-container\">\r\n\t<!-- Les produits seront inject\u00e9s ici par AJAX, sachant que \u00e7a fait apparaitre une div avec la classe products-list -->\r\n<\/div>\r\n\r\n<script>\r\n\tjQuery(function ($) {\r\n\t\tvar bwaFilters = {\r\n\t\t\tajax_url: \"https:\/\/ocarelab.com\/wp-admin\/admin-ajax.php\",\r\n\t\t\tnonce: \"1dc6897960\"\r\n\t\t};\r\n\r\n\t\tvar activeCat = 0;\r\n\r\n\t\tfunction loadProducts(catId) {\r\n\t\t\t$.ajax({\r\n\t\t\t\turl: bwaFilters.ajax_url,\r\n\t\t\t\tmethod: 'POST',\r\n\t\t\t\tdata: {\r\n\t\t\t\t\taction: 'bwa_filter_products',\r\n\t\t\t\t\tnonce: bwaFilters.nonce,\r\n\t\t\t\t\tcat: catId\r\n\t\t\t\t},\r\n\t\t\t\tbeforeSend: function () {\r\n\t\t\t\t\t$('#products-container').css('opacity', 0.5);\r\n\t\t\t\t},\r\n\t\t\t\tsuccess: function (html) {\r\n\t\t\t\t\t$('#products-container')\r\n\t\t\t\t\t\t.html(html)\r\n\t\t\t\t\t\t.css('opacity', 1);\r\n\t\t\t\t},\r\n\t\t\t\terror: function () {\r\n\t\t\t\t\tconsole.error('Erreur AJAX filtre produits');\r\n\t\t\t\t\t$('#products-container').css('opacity', 1);\r\n\t\t\t\t}\r\n\t\t\t});\r\n\t\t}\r\n\r\n\t\t\/\/ Chargement initial de tous les produits\r\n\t\tloadProducts(0);\r\n\r\n\t\t\/\/ Toggle filtre\r\n\t\t$('.product-category-filters').on('click', '.filter-button', function () {\r\n\t\t\tvar $btn = $(this),\r\n\t\t\t\tcatId = parseInt($btn.data('cat'), 10);\r\n\r\n\t\t\tif (activeCat === catId) {\r\n\t\t\t\tactiveCat = 0;\r\n\t\t\t\t$btn.removeClass('active');\r\n\t\t\t} else {\r\n\t\t\t\t$('.filter-button.active').removeClass('active');\r\n\t\t\t\t$btn.addClass('active');\r\n\t\t\t\tactiveCat = catId;\r\n\t\t\t}\r\n\r\n\t\t\tloadProducts(activeCat);\r\n\t\t});\r\n\t});\r\n<\/script>\r\n\r\n<style>\r\n\t.product-category-filters {\r\n\t\tdisplay          : flex;\r\n\t\tgap              : 1rem;\r\n\t\tmargin-bottom    : 96px;\r\n\t\toverflow-x       : auto;\r\n\t\tpadding-bottom   : 0.5rem;\r\n\t\tjustify-content  : center;\r\n\t\tscroll-snap-type : x mandatory;\r\n\t}\r\n\r\n\t.filter-button {\r\n\t\tdisplay           : inline-flex;\r\n\t\talign-items       : center;\r\n\t\tpadding           : 6px 22px 6px 6px;\r\n\t\tgap               : 10px;\r\n\t\tbackground-color  : #ffffff;\r\n\r\n\t\tborder            : 2px solid #00acee;\r\n\t\tborder-radius     : 999px;\r\n\r\n\t\tappearance        : none;\r\n\t\toutline           : none;\r\n\t\tcursor            : pointer;\r\n\r\n\t\ttransition        : background-color 0.2s, color 0.2s, border-color 0.2s;\r\n\r\n\t\tcolor             : var(--e-global-color-36fec36);\r\n\t\tfont-family       : var(--e-global-typography-primary-font-family), Raleway, sans-serif !important;\r\n\t\tfont-size         : 18px;\r\n\t\tfont-style        : normal;\r\n\t\tfont-weight       : 500;\r\n\t\tline-height       : 22.6px;\r\n\r\n\t\tmin-width         : fit-content;\r\n\r\n\t\tscroll-snap-align : start;\r\n\t\tuser-select       : none;\r\n\t}\r\n\r\n\t.filter-button img {\r\n\t\twidth         : 50px;\r\n\t\theight        : 50px;\r\n\t\tborder-radius : 50%;\r\n\t\tobject-fit    : cover;\r\n\t}\r\n\r\n\t.filter-button.active,\r\n\t.filter-button:hover,\r\n\t.filter-button:focus {\r\n\t\tbackground-color : #00acee;\r\n\t\tcolor            : #ffffff;\r\n\t\tborder-color     : #00acee;\r\n\t}\r\n\r\n\t.products-list {\r\n\t\tdisplay               : grid;\r\n\t\tgrid-template-columns : repeat(3, 1fr);\r\n\t\tgap                   : 32px;\r\n\t}\r\n\r\n\t@media (max-width : 1240px) {\r\n\t\t.products-list {\r\n\t\t\tgap : 5%;\r\n\t\t}\r\n\r\n\t\t.product-category-filters {\r\n\t\t\tjustify-content  : flex-start;\r\n\t\t}\r\n\t}\r\n\r\n\r\n\t@media (max-width : 768px) {\r\n\t\t.products-list {\r\n\t\t\tgrid-template-columns : repeat(2, 1fr);\r\n\t\t}\r\n\r\n\t\t.product-category-filters {\r\n\t\t\tgap           : 0.75rem;\r\n\t\t\tmargin-bottom : 48px;\r\n\t\t}\r\n\t}\r\n\r\n\t@media (max-width : 480px) {\r\n\t\t.products-list {\r\n\t\t\tgrid-template-columns : repeat(2, 1fr);\r\n\t\t\tgap                   : 16px;\r\n\t\t}\r\n\r\n\t\t.product-category-filters {\r\n\t\t\tgap           : 0.5rem;\r\n\t\t\tmargin-bottom : 24px;\r\n\t\t}\r\n\r\n\t}\r\n\r\n\t.product-item {\r\n\t\twidth : auto;\r\n\t}\r\n\r\n<\/style>\r\n\n<!-- start All Products -->\n\n\n<!-- end All Products -->\t\t\t\t<\/div>\n\t\t\t\t<\/div>\n\t\t\t\t\t<\/div>\n\t\t\t\t<\/div>\n\t\t\t\t<\/div>\n\t\t","protected":false},"excerpt":{"rendered":"<p>Relieve the pressure with our products Beaut\u00e9 de la peau Hydratation Stress &amp; Anxi\u00e9t\u00e9<\/p>\n","protected":false},"author":1,"featured_media":0,"parent":0,"menu_order":0,"comment_status":"closed","ping_status":"closed","template":"templates\/site-template.php","meta":{"site-sidebar-layout":"no-sidebar","site-content-layout":"","ast-site-content-layout":"full-width-container","site-content-style":"default","site-sidebar-style":"default","ast-global-header-display":"","ast-banner-title-visibility":"","ast-main-header-display":"","ast-hfb-above-header-display":"","ast-hfb-below-header-display":"","ast-hfb-mobile-header-display":"","site-post-title":"disabled","ast-breadcrumbs-content":"","ast-featured-img":"disabled","footer-sml-layout":"","ast-disable-related-posts":"","theme-transparent-header-meta":"","adv-header-id-meta":"","stick-header-meta":"","header-above-stick-meta":"","header-main-stick-meta":"","header-below-stick-meta":"","astra-migrate-meta-layouts":"default","ast-page-background-enabled":"default","ast-page-background-meta":{"desktop":{"background-color":"var(--ast-global-color-5)","background-image":"","background-repeat":"repeat","background-position":"center center","background-size":"auto","background-attachment":"scroll","background-type":"","background-media":"","overlay-type":"","overlay-color":"","overlay-opacity":"","overlay-gradient":""},"tablet":{"background-color":"","background-image":"","background-repeat":"repeat","background-position":"center center","background-size":"auto","background-attachment":"scroll","background-type":"","background-media":"","overlay-type":"","overlay-color":"","overlay-opacity":"","overlay-gradient":""},"mobile":{"background-color":"","background-image":"","background-repeat":"repeat","background-position":"center center","background-size":"auto","background-attachment":"scroll","background-type":"","background-media":"","overlay-type":"","overlay-color":"","overlay-opacity":"","overlay-gradient":""}},"ast-content-background-meta":{"desktop":{"background-color":"var(--ast-global-color-4)","background-image":"","background-repeat":"repeat","background-position":"center center","background-size":"auto","background-attachment":"scroll","background-type":"","background-media":"","overlay-type":"","overlay-color":"","overlay-opacity":"","overlay-gradient":""},"tablet":{"background-color":"var(--ast-global-color-4)","background-image":"","background-repeat":"repeat","background-position":"center center","background-size":"auto","background-attachment":"scroll","background-type":"","background-media":"","overlay-type":"","overlay-color":"","overlay-opacity":"","overlay-gradient":""},"mobile":{"background-color":"var(--ast-global-color-4)","background-image":"","background-repeat":"repeat","background-position":"center center","background-size":"auto","background-attachment":"scroll","background-type":"","background-media":"","overlay-type":"","overlay-color":"","overlay-opacity":"","overlay-gradient":""}},"footnotes":""},"class_list":["post-1344","page","type-page","status-publish","hentry"],"yoast_head":"<!-- This site is optimized with the Yoast SEO plugin v27.4 - https:\/\/yoast.com\/product\/yoast-seo-wordpress\/ -->\n<title>Our Products \u2013 Natural Dietary Supplements by OCare<\/title>\n<meta name=\"description\" content=\"Explore the full OCare range: expert-formulated natural supplements designed to support your health, energy and daily well-being. Quality you can trust\" \/>\n<meta name=\"robots\" content=\"index, follow, max-snippet:-1, max-image-preview:large, max-video-preview:-1\" \/>\n<link rel=\"canonical\" href=\"https:\/\/ocarelab.com\/en\/our-products\/\" \/>\n<meta property=\"og:locale\" content=\"en_US\" \/>\n<meta property=\"og:type\" content=\"article\" \/>\n<meta property=\"og:title\" content=\"Our Products \u2013 Natural Dietary Supplements by OCare\" \/>\n<meta property=\"og:description\" content=\"Explore the full OCare range: expert-formulated natural supplements designed to support your health, energy and daily well-being. Quality you can trust\" \/>\n<meta property=\"og:url\" content=\"https:\/\/ocarelab.com\/en\/our-products\/\" \/>\n<meta property=\"og:site_name\" content=\"O&#039;care\" \/>\n<meta property=\"article:modified_time\" content=\"2026-04-09T08:27:07+00:00\" \/>\n<meta name=\"twitter:card\" content=\"summary_large_image\" \/>\n<meta name=\"twitter:label1\" content=\"Est. reading time\" \/>\n\t<meta name=\"twitter:data1\" content=\"1 minute\" \/>\n<script type=\"application\/ld+json\" class=\"yoast-schema-graph\">{\"@context\":\"https:\\\/\\\/schema.org\",\"@graph\":[{\"@type\":\"WebPage\",\"@id\":\"https:\\\/\\\/ocarelab.com\\\/en\\\/our-products\\\/\",\"url\":\"https:\\\/\\\/ocarelab.com\\\/en\\\/our-products\\\/\",\"name\":\"Our Products \u2013 Natural Dietary Supplements by OCare\",\"isPartOf\":{\"@id\":\"https:\\\/\\\/ocarelab.com\\\/en\\\/#website\"},\"datePublished\":\"2025-07-10T11:30:03+00:00\",\"dateModified\":\"2026-04-09T08:27:07+00:00\",\"description\":\"Explore the full OCare range: expert-formulated natural supplements designed to support your health, energy and daily well-being. Quality you can trust\",\"breadcrumb\":{\"@id\":\"https:\\\/\\\/ocarelab.com\\\/en\\\/our-products\\\/#breadcrumb\"},\"inLanguage\":\"en-US\",\"potentialAction\":[{\"@type\":\"ReadAction\",\"target\":[\"https:\\\/\\\/ocarelab.com\\\/en\\\/our-products\\\/\"]}]},{\"@type\":\"BreadcrumbList\",\"@id\":\"https:\\\/\\\/ocarelab.com\\\/en\\\/our-products\\\/#breadcrumb\",\"itemListElement\":[{\"@type\":\"ListItem\",\"position\":1,\"name\":\"Home\",\"item\":\"https:\\\/\\\/ocarelab.com\\\/en\\\/\"},{\"@type\":\"ListItem\",\"position\":2,\"name\":\"Our products\"}]},{\"@type\":\"WebSite\",\"@id\":\"https:\\\/\\\/ocarelab.com\\\/en\\\/#website\",\"url\":\"https:\\\/\\\/ocarelab.com\\\/en\\\/\",\"name\":\"O&#039;care\",\"description\":\"\",\"potentialAction\":[{\"@type\":\"SearchAction\",\"target\":{\"@type\":\"EntryPoint\",\"urlTemplate\":\"https:\\\/\\\/ocarelab.com\\\/en\\\/?s={search_term_string}\"},\"query-input\":{\"@type\":\"PropertyValueSpecification\",\"valueRequired\":true,\"valueName\":\"search_term_string\"}}],\"inLanguage\":\"en-US\"}]}<\/script>\n<!-- \/ Yoast SEO plugin. -->","yoast_head_json":{"title":"Our Products \u2013 Natural Dietary Supplements by OCare","description":"Explore the full OCare range: expert-formulated natural supplements designed to support your health, energy and daily well-being. Quality you can trust","robots":{"index":"index","follow":"follow","max-snippet":"max-snippet:-1","max-image-preview":"max-image-preview:large","max-video-preview":"max-video-preview:-1"},"canonical":"https:\/\/ocarelab.com\/en\/our-products\/","og_locale":"en_US","og_type":"article","og_title":"Our Products \u2013 Natural Dietary Supplements by OCare","og_description":"Explore the full OCare range: expert-formulated natural supplements designed to support your health, energy and daily well-being. Quality you can trust","og_url":"https:\/\/ocarelab.com\/en\/our-products\/","og_site_name":"O&#039;care","article_modified_time":"2026-04-09T08:27:07+00:00","twitter_card":"summary_large_image","twitter_misc":{"Est. reading time":"1 minute"},"schema":{"@context":"https:\/\/schema.org","@graph":[{"@type":"WebPage","@id":"https:\/\/ocarelab.com\/en\/our-products\/","url":"https:\/\/ocarelab.com\/en\/our-products\/","name":"Our Products \u2013 Natural Dietary Supplements by OCare","isPartOf":{"@id":"https:\/\/ocarelab.com\/en\/#website"},"datePublished":"2025-07-10T11:30:03+00:00","dateModified":"2026-04-09T08:27:07+00:00","description":"Explore the full OCare range: expert-formulated natural supplements designed to support your health, energy and daily well-being. Quality you can trust","breadcrumb":{"@id":"https:\/\/ocarelab.com\/en\/our-products\/#breadcrumb"},"inLanguage":"en-US","potentialAction":[{"@type":"ReadAction","target":["https:\/\/ocarelab.com\/en\/our-products\/"]}]},{"@type":"BreadcrumbList","@id":"https:\/\/ocarelab.com\/en\/our-products\/#breadcrumb","itemListElement":[{"@type":"ListItem","position":1,"name":"Home","item":"https:\/\/ocarelab.com\/en\/"},{"@type":"ListItem","position":2,"name":"Our products"}]},{"@type":"WebSite","@id":"https:\/\/ocarelab.com\/en\/#website","url":"https:\/\/ocarelab.com\/en\/","name":"O&#039;care","description":"","potentialAction":[{"@type":"SearchAction","target":{"@type":"EntryPoint","urlTemplate":"https:\/\/ocarelab.com\/en\/?s={search_term_string}"},"query-input":{"@type":"PropertyValueSpecification","valueRequired":true,"valueName":"search_term_string"}}],"inLanguage":"en-US"}]}},"_links":{"self":[{"href":"https:\/\/ocarelab.com\/en\/wp-json\/wp\/v2\/pages\/1344","targetHints":{"allow":["GET"]}}],"collection":[{"href":"https:\/\/ocarelab.com\/en\/wp-json\/wp\/v2\/pages"}],"about":[{"href":"https:\/\/ocarelab.com\/en\/wp-json\/wp\/v2\/types\/page"}],"author":[{"embeddable":true,"href":"https:\/\/ocarelab.com\/en\/wp-json\/wp\/v2\/users\/1"}],"replies":[{"embeddable":true,"href":"https:\/\/ocarelab.com\/en\/wp-json\/wp\/v2\/comments?post=1344"}],"version-history":[{"count":1,"href":"https:\/\/ocarelab.com\/en\/wp-json\/wp\/v2\/pages\/1344\/revisions"}],"predecessor-version":[{"id":1345,"href":"https:\/\/ocarelab.com\/en\/wp-json\/wp\/v2\/pages\/1344\/revisions\/1345"}],"wp:attachment":[{"href":"https:\/\/ocarelab.com\/en\/wp-json\/wp\/v2\/media?parent=1344"}],"curies":[{"name":"wp","href":"https:\/\/api.w.org\/{rel}","templated":true}]}}